{"id":1304,"date":"2024-12-11T18:27:40","date_gmt":"2024-12-11T18:27:40","guid":{"rendered":"https:\/\/exactblue.com\/es\/?page_id=1304"},"modified":"2025-05-05T18:40:15","modified_gmt":"2025-05-05T18:40:15","slug":"exactblue-mobile-lab","status":"publish","type":"page","link":"https:\/\/www.exactblue.com\/es\/exactblue-mobile-lab\/","title":{"rendered":"ExactBlue Mobile Lab"},"content":{"rendered":"<p>[et_pb_section fb_built=&#8221;1&#8243; next_background_color=&#8221;#f7f8fc&#8221; admin_label=&#8221;Hero&#8221; _builder_version=&#8221;4.11.4&#8243; background_color=&#8221;RGBA(0,0,0,0)&#8221; min_height=&#8221;44.4px&#8221; custom_padding=&#8221;|0px|1.7%|0px|false|false&#8221; bottom_divider_style=&#8221;asymmetric&#8221; bottom_divider_height=&#8221;40%&#8221; bottom_divider_height_tablet=&#8221;&#8221; bottom_divider_height_phone=&#8221;&#8221; bottom_divider_height_last_edited=&#8221;on|phone&#8221; global_colors_info=&#8221;{}&#8221;][et_pb_row _builder_version=&#8221;4.11.4&#8243; _module_preset=&#8221;default&#8221; min_height=&#8221;68.8px&#8221; global_colors_info=&#8221;{}&#8221;][et_pb_column type=&#8221;4_4&#8243; _builder_version=&#8221;4.11.4&#8243; _module_preset=&#8221;default&#8221; global_colors_info=&#8221;{}&#8221;][et_pb_text content_tablet=&#8221;<\/p>\n<p>EXACTBLUE MOBILE LAB PLATFORM<\/p>\n<p>&#8221; content_phone=&#8221;<\/p>\n<p>EXACTBLUE MOBILE <\/p>\n<p>LAB PLATFORM<\/p>\n<p>&#8221; content_last_edited=&#8221;on|phone&#8221; _builder_version=&#8221;4.11.4&#8243; _module_preset=&#8221;default&#8221; text_font=&#8221;Bebas Neue||||||||&#8221; text_text_color=&#8221;#0176be&#8221; text_font_size=&#8221;46px&#8221; text_line_height=&#8221;0.1em&#8221; text_font_size_tablet=&#8221;46px&#8221; text_font_size_phone=&#8221;39px&#8221; text_font_size_last_edited=&#8221;on|phone&#8221; global_colors_info=&#8221;{}&#8221;]<\/p>\n<p>PLATAFORMA M\u00d3VIL DE LABORATORIO EXACTBLUE<\/p>\n<p>[\/et_pb_text][\/et_pb_column][\/et_pb_row][\/et_pb_section][et_pb_section fb_built=&#8221;1&#8243; custom_padding_last_edited=&#8221;on|tablet&#8221; prev_background_color=&#8221;RGBA(0,0,0,0)&#8221; next_background_color=&#8221;#ffffff&#8221; admin_label=&#8221;Testimonials&#8221; _builder_version=&#8221;3.22&#8243; background_color=&#8221;#f7f8fc&#8221; background_image=&#8221;https:\/\/exactblue.com\/es\/wp-content\/uploads\/2021\/10\/insurance-02.png&#8221; background_size=&#8221;initial&#8221; background_position=&#8221;center_right&#8221; custom_padding=&#8221;0px||181px||false|false&#8221; custom_padding_tablet=&#8221;150px||150px||true&#8221; custom_padding_phone=&#8221;100px||100px||true&#8221; top_divider_style=&#8221;asymmetric3&#8243; top_divider_height=&#8221;40%&#8221; top_divider_repeat=&#8221;0.8x&#8221; top_divider_flip=&#8221;horizontal|vertical&#8221; bottom_divider_style=&#8221;asymmetric3&#8243; bottom_divider_height=&#8221;30%&#8221; bottom_divider_height_tablet=&#8221;180px&#8221; bottom_divider_height_phone=&#8221;110px&#8221; bottom_divider_height_last_edited=&#8221;on|phone&#8221; global_colors_info=&#8221;{}&#8221;][et_pb_row _builder_version=&#8221;4.11.4&#8243; _module_preset=&#8221;default&#8221; global_colors_info=&#8221;{}&#8221;][et_pb_column type=&#8221;4_4&#8243; _builder_version=&#8221;4.11.4&#8243; _module_preset=&#8221;default&#8221; global_colors_info=&#8221;{}&#8221;][et_pb_text _builder_version=&#8221;4.11.4&#8243; _module_preset=&#8221;default&#8221; min_height=&#8221;0px&#8221; global_colors_info=&#8221;{}&#8221;]<\/p>\n<p>La Plataforma M\u00f3vil de Laboratorio ExactBlue es una soluci\u00f3n inteligente basada en nanotecnolog\u00eda que convierte tu smartphone en un potente laboratorio port\u00e1til para la detecci\u00f3n de contaminaci\u00f3n microbiana total.<\/p>\n<p>[\/et_pb_text][\/et_pb_column][\/et_pb_row][et_pb_row column_structure=&#8221;1_3,1_3,1_3&#8243; _builder_version=&#8221;4.11.4&#8243; _module_preset=&#8221;default&#8221; global_colors_info=&#8221;{}&#8221;][et_pb_column type=&#8221;1_3&#8243; _builder_version=&#8221;4.11.4&#8243; _module_preset=&#8221;default&#8221; global_colors_info=&#8221;{}&#8221;][et_pb_blurb title=&#8221;ExactBlue COLI&#8221; image=&#8221;https:\/\/exactblue.com\/es\/wp-content\/uploads\/2024\/12\/ERE-025-PBW-643-100-Closed.png&#8221; module_id=&#8221;eb-ecoli-stnd-25pack&#8221; _builder_version=&#8221;4.11.4&#8243; _module_preset=&#8221;default&#8221; header_font=&#8221;Montserrat||||||||&#8221; global_colors_info=&#8221;{}&#8221;][\/et_pb_blurb][et_pb_text _builder_version=&#8221;4.11.4&#8243; _module_preset=&#8221;default&#8221; text_font=&#8221;Montserrat||||||||&#8221; custom_margin=&#8221;-24px||||false|false&#8221; global_colors_info=&#8221;{}&#8221;]<\/p>\n<p>KIT DE RECARGA DE E.COLI<\/p>\n<p>[\/et_pb_text][et_pb_text _builder_version=&#8221;4.11.4&#8243; _module_preset=&#8221;default&#8221; text_font=&#8221;Montserrat||||||||&#8221; text_text_color=&#8221;#848484&#8243; custom_margin=&#8221;-24px||||false|false&#8221; global_colors_info=&#8221;{}&#8221;]<\/p>\n<p>Paquete de 25<\/p>\n<p>[\/et_pb_text][et_pb_text _builder_version=&#8221;4.11.4&#8243; _module_preset=&#8221;default&#8221; text_font=&#8221;Montserrat||||||||&#8221; text_font_size=&#8221;13px&#8221; custom_margin=&#8221;-18px||||false|false&#8221; global_colors_info=&#8221;{}&#8221;]<\/p>\n<p>\u2022 Prueba Cuantitativa<br \/>\u2022 Detecta 1 UFC\/1mL y 10mL<br \/>\u2022 Resultados en 18-24 Horas<\/p>\n<p>[\/et_pb_text][et_pb_button button_text=&#8221;Comprar ahora&#8221; button_alignment=&#8221;center&#8221; _builder_version=&#8221;4.11.4&#8243; _module_preset=&#8221;default&#8221; hover_enabled=&#8221;0&#8243; global_colors_info=&#8221;{}&#8221; button_url=&#8221;https:\/\/www.exactblue.com\/es\/573-2\/contact\/&#8221; sticky_enabled=&#8221;0&#8243;][\/et_pb_button][et_pb_text _builder_version=&#8221;4.11.4&#8243; _module_preset=&#8221;default&#8221; text_font=&#8221;Montserrat||||on||||&#8221; text_text_color=&#8221;#848484&#8243; text_font_size=&#8221;12px&#8221; text_orientation=&#8221;center&#8221; link_option_url=&#8221;https:\/\/exactblue.com\/es\/573-2\/contact\/#Dist-Alcoline&#8221; global_colors_info=&#8221;{}&#8221;]Order Through Your Preferred Distributor[\/et_pb_text][\/et_pb_column][et_pb_column type=&#8221;1_3&#8243; _builder_version=&#8221;4.11.4&#8243; _module_preset=&#8221;default&#8221; global_colors_info=&#8221;{}&#8221;][et_pb_blurb title=&#8221;ExactBlue COLI&#8221; image=&#8221;https:\/\/exactblue.com\/es\/wp-content\/uploads\/2024\/12\/ERC-025-PBW-643-100-Closed.png&#8221; module_id=&#8221;eb-coliform-stnd-25pack&#8221; _builder_version=&#8221;4.11.4&#8243; _module_preset=&#8221;default&#8221; header_font=&#8221;Montserrat||||||||&#8221; global_colors_info=&#8221;{}&#8221;][\/et_pb_blurb][et_pb_text _builder_version=&#8221;4.11.4&#8243; _module_preset=&#8221;default&#8221; text_font=&#8221;Montserrat||||||||&#8221; custom_margin=&#8221;-24px||||false|false&#8221; global_colors_info=&#8221;{}&#8221;]<\/p>\n<p>KIT DE RECARGA DE COLIFORMES<\/p>\n<p>[\/et_pb_text][et_pb_text _builder_version=&#8221;4.11.4&#8243; _module_preset=&#8221;default&#8221; text_font=&#8221;Montserrat||||||||&#8221; text_text_color=&#8221;#848484&#8243; custom_margin=&#8221;-24px||||false|false&#8221; global_colors_info=&#8221;{}&#8221;]<\/p>\n<p>Paquete de 25<\/p>\n<p>[\/et_pb_text][et_pb_text _builder_version=&#8221;4.11.4&#8243; _module_preset=&#8221;default&#8221; text_font=&#8221;Montserrat||||||||&#8221; text_font_size=&#8221;13px&#8221; custom_margin=&#8221;-18px||||false|false&#8221; global_colors_info=&#8221;{}&#8221;]<\/p>\n<p>\u2022 Prueba Cuantitativa<br \/>\u2022 Detecta 1 UFC\/1mL y 10mL<br \/>\u2022 Resultados en 18-24 Horas<\/p>\n<p>[\/et_pb_text][et_pb_button button_text=&#8221;Comprar ahora&#8221; button_alignment=&#8221;center&#8221; _builder_version=&#8221;4.11.4&#8243; _module_preset=&#8221;default&#8221; hover_enabled=&#8221;0&#8243; global_colors_info=&#8221;{}&#8221; button_url=&#8221;https:\/\/www.exactblue.com\/es\/573-2\/contact\/&#8221; sticky_enabled=&#8221;0&#8243;][\/et_pb_button][et_pb_text _builder_version=&#8221;4.11.4&#8243; _module_preset=&#8221;default&#8221; text_font=&#8221;Montserrat||||on||||&#8221; text_text_color=&#8221;#848484&#8243; text_font_size=&#8221;12px&#8221; text_orientation=&#8221;center&#8221; link_option_url=&#8221;https:\/\/exactblue.com\/es\/573-2\/contact\/#Dist-Alcoline&#8221; global_colors_info=&#8221;{}&#8221;]Order Through Your Preferred Distributor[\/et_pb_text][\/et_pb_column][et_pb_column type=&#8221;1_3&#8243; _builder_version=&#8221;4.11.4&#8243; _module_preset=&#8221;default&#8221; global_colors_info=&#8221;{}&#8221;][et_pb_blurb title=&#8221;ExactBlue COLI&#8221; image=&#8221;https:\/\/exactblue.com\/es\/wp-content\/uploads\/2024\/12\/ERS-025-PBW-336-100-Closed.png&#8221; module_id=&#8221;eb-vsens-enhancer-25pack&#8221; _builder_version=&#8221;4.11.4&#8243; _module_preset=&#8221;default&#8221; global_colors_info=&#8221;{}&#8221;][\/et_pb_blurb][et_pb_text _builder_version=&#8221;4.11.4&#8243; _module_preset=&#8221;default&#8221; text_font=&#8221;Montserrat||||||||&#8221; custom_margin=&#8221;-24px||||false|false&#8221; global_colors_info=&#8221;{}&#8221;]<\/p>\n<p>KIT DE RECARGA DE MEJORADOR MUY SENSIBLE PARA E.COLI Y COLIFORMES<\/p>\n<p>[\/et_pb_text][et_pb_text _builder_version=&#8221;4.11.4&#8243; _module_preset=&#8221;default&#8221; text_font=&#8221;Montserrat||||||||&#8221; text_text_color=&#8221;#848484&#8243; custom_margin=&#8221;-24px||||false|false&#8221; global_colors_info=&#8221;{}&#8221;]<\/p>\n<p>Paquete de 25<\/p>\n<p>[\/et_pb_text][et_pb_text _builder_version=&#8221;4.11.4&#8243; _module_preset=&#8221;default&#8221; text_font=&#8221;Montserrat||||||||&#8221; text_font_size=&#8221;13px&#8221; custom_margin=&#8221;-18px||||false|false&#8221; global_colors_info=&#8221;{}&#8221;]<\/p>\n<p>\u2022 Prueba L\u00edmite y Cuantitativa<br \/>\u2022 Aumenta la Sensibilidad a 1 UFC\/100mL<br \/>\u2022 Resultados en 5-24 Horas<\/p>\n<p>[\/et_pb_text][et_pb_button button_text=&#8221;Comprar ahora&#8221; button_alignment=&#8221;center&#8221; _builder_version=&#8221;4.11.4&#8243; _module_preset=&#8221;default&#8221; hover_enabled=&#8221;0&#8243; global_colors_info=&#8221;{}&#8221; button_url=&#8221;https:\/\/www.exactblue.com\/es\/573-2\/contact\/&#8221; sticky_enabled=&#8221;0&#8243;][\/et_pb_button][et_pb_text _builder_version=&#8221;4.11.4&#8243; _module_preset=&#8221;default&#8221; text_font=&#8221;Montserrat||||on||||&#8221; text_text_color=&#8221;#848484&#8243; text_font_size=&#8221;12px&#8221; text_orientation=&#8221;center&#8221; link_option_url=&#8221;https:\/\/exactblue.com\/es\/573-2\/contact\/#Dist-Alcoline&#8221; global_colors_info=&#8221;{}&#8221;]Order Through Your Preferred Distributor[\/et_pb_text][\/et_pb_column][\/et_pb_row][et_pb_row column_structure=&#8221;1_3,1_3,1_3&#8243; _builder_version=&#8221;4.11.4&#8243; _module_preset=&#8221;default&#8221; global_colors_info=&#8221;{}&#8221;][et_pb_column type=&#8221;1_3&#8243; _builder_version=&#8221;4.11.4&#8243; _module_preset=&#8221;default&#8221; global_colors_info=&#8221;{}&#8221;][et_pb_blurb title=&#8221;ExactBlue Mobile Lab Platform&#8221; image=&#8221;https:\/\/exactblue.com\/es\/wp-content\/uploads\/2024\/12\/Untitled-design-33.png&#8221; module_id=&#8221;eb-mobile-lab-device&#8221; _builder_version=&#8221;4.11.4&#8243; _module_preset=&#8221;default&#8221; header_font=&#8221;Montserrat||||||||&#8221; body_ul_type=&#8221;circle&#8221; global_colors_info=&#8221;{}&#8221;][\/et_pb_blurb][et_pb_text _builder_version=&#8221;4.11.4&#8243; _module_preset=&#8221;default&#8221; text_font=&#8221;Montserrat||||||||&#8221; custom_margin=&#8221;-24px||||false|false&#8221; global_colors_info=&#8221;{}&#8221;]<\/p>\n<p>LECTOR PORT\u00c1TIL<\/p>\n<p>[\/et_pb_text][et_pb_text _builder_version=&#8221;4.11.4&#8243; _module_preset=&#8221;default&#8221; text_font=&#8221;Montserrat||||||||&#8221; text_text_color=&#8221;#848484&#8243; custom_margin=&#8221;-24px||||false|false&#8221; global_colors_info=&#8221;{}&#8221;]<\/p>\n<p>1-PAQUETE<\/p>\n<p>[\/et_pb_text][et_pb_text _builder_version=&#8221;4.11.4&#8243; _module_preset=&#8221;default&#8221; text_font=&#8221;Montserrat||||||||&#8221; text_font_size=&#8221;13px&#8221; custom_margin=&#8221;-18px||||false|false&#8221; global_colors_info=&#8221;{}&#8221;]<\/p>\n<p>\u2022 Aplicaci\u00f3n de Laboratorio M\u00f3vil<br \/>\u2022 Resultados R\u00e1pidos y Cuantitativos<br \/>\u2022 Prueba M\u00faltiples Muestras al Mismo Tiempo<\/p>\n<p>[\/et_pb_text][et_pb_button button_text=&#8221;Comprar ahora&#8221; button_alignment=&#8221;center&#8221; _builder_version=&#8221;4.11.4&#8243; _module_preset=&#8221;default&#8221; hover_enabled=&#8221;0&#8243; global_colors_info=&#8221;{}&#8221; button_url=&#8221;https:\/\/www.exactblue.com\/es\/573-2\/contact\/&#8221; sticky_enabled=&#8221;0&#8243;][\/et_pb_button][et_pb_text _builder_version=&#8221;4.11.4&#8243; _module_preset=&#8221;default&#8221; text_font=&#8221;Montserrat||||on||||&#8221; text_text_color=&#8221;#848484&#8243; text_font_size=&#8221;12px&#8221; text_orientation=&#8221;center&#8221; link_option_url=&#8221;https:\/\/exactblue.com\/es\/573-2\/contact\/#Dist-Alcoline&#8221; global_colors_info=&#8221;{}&#8221;]Order Through Your Preferred Distributor[\/et_pb_text][\/et_pb_column][et_pb_column type=&#8221;1_3&#8243; _builder_version=&#8221;4.11.4&#8243; _module_preset=&#8221;default&#8221; global_colors_info=&#8221;{}&#8221;][et_pb_blurb title=&#8221;ExactBlue Mobile Lab Platform &#8221; image=&#8221;https:\/\/exactblue.com\/es\/wp-content\/uploads\/2024\/12\/Website-Mock-Up-300-x-300-px-2.png&#8221; module_id=&#8221;eb-bacteria-25pack&#8221; _builder_version=&#8221;4.11.4&#8243; _module_preset=&#8221;default&#8221; header_font=&#8221;Montserrat||||||||&#8221; global_colors_info=&#8221;{}&#8221;][\/et_pb_blurb][et_pb_text _builder_version=&#8221;4.11.4&#8243; _module_preset=&#8221;default&#8221; text_font=&#8221;Montserrat||||||||&#8221; custom_margin=&#8221;-24px||||false|false&#8221; global_colors_info=&#8221;{}&#8221;]<\/p>\n<p>KIT DE RECARGA PARA PRUEBA DE BACTERIAS TOTALES EN AGUA<\/p>\n<p>[\/et_pb_text][et_pb_text _builder_version=&#8221;4.11.4&#8243; _module_preset=&#8221;default&#8221; text_font=&#8221;Montserrat||||||||&#8221; text_text_color=&#8221;#848484&#8243; custom_margin=&#8221;-24px||||false|false&#8221; global_colors_info=&#8221;{}&#8221;]<\/p>\n<p>25-PAQUETE<\/p>\n<p>[\/et_pb_text][et_pb_text _builder_version=&#8221;4.11.4&#8243; _module_preset=&#8221;default&#8221; text_font=&#8221;Montserrat||||||||&#8221; text_font_size=&#8221;13px&#8221; custom_margin=&#8221;-18px||||false|false&#8221; global_colors_info=&#8221;{}&#8221;]<\/p>\n<p>\u2022 Prueba Cuantitativa<br \/>\u2022 Detecta de 1 a 500 CFU\/mL<br \/>\u2022 Resultados en 7 Minutos<\/p>\n<p>[\/et_pb_text][et_pb_button button_text=&#8221;Comprar ahora&#8221; button_alignment=&#8221;center&#8221; _builder_version=&#8221;4.11.4&#8243; _module_preset=&#8221;default&#8221; hover_enabled=&#8221;0&#8243; global_colors_info=&#8221;{}&#8221; button_url=&#8221;https:\/\/www.exactblue.com\/es\/573-2\/contact\/&#8221; sticky_enabled=&#8221;0&#8243;][\/et_pb_button][et_pb_text _builder_version=&#8221;4.11.4&#8243; _module_preset=&#8221;default&#8221; text_font=&#8221;Montserrat||||on||||&#8221; text_text_color=&#8221;#848484&#8243; text_font_size=&#8221;12px&#8221; text_orientation=&#8221;center&#8221; link_option_url=&#8221;https:\/\/exactblue.com\/es\/573-2\/contact\/#Dist-Alcoline&#8221; global_colors_info=&#8221;{}&#8221;]Order Through Your Preferred Distributor[\/et_pb_text][\/et_pb_column][et_pb_column type=&#8221;1_3&#8243; _builder_version=&#8221;4.11.4&#8243; _module_preset=&#8221;default&#8221; global_colors_info=&#8221;{}&#8221;][et_pb_blurb title=&#8221;ExactBlue Mobile Lab Platform &#8221; image=&#8221;https:\/\/exactblue.com\/es\/wp-content\/uploads\/2024\/12\/Website-Mock-Up-300-x-300-px-3.png&#8221; module_id=&#8221;eb-hydrogen-chlorine-50pack&#8221; _builder_version=&#8221;4.11.4&#8243; _module_preset=&#8221;default&#8221; header_font=&#8221;Montserrat||||||||&#8221; global_colors_info=&#8221;{}&#8221;][\/et_pb_blurb][et_pb_text _builder_version=&#8221;4.11.4&#8243; _module_preset=&#8221;default&#8221; text_font=&#8221;Montserrat||||||||&#8221; custom_margin=&#8221;-24px||||false|false&#8221; global_colors_info=&#8221;{}&#8221;]<\/p>\n<p>KIT DE RECARGA PARA PER\u00d3XIDO DE HIDR\u00d3GENO Y CLORO LIBRE<\/p>\n<p>[\/et_pb_text][et_pb_text _builder_version=&#8221;4.11.4&#8243; _module_preset=&#8221;default&#8221; text_font=&#8221;Montserrat||||||||&#8221; text_text_color=&#8221;#848484&#8243; custom_margin=&#8221;-24px||||false|false&#8221; global_colors_info=&#8221;{}&#8221;]<\/p>\n<p>50-PAQUETE<\/p>\n<p>[\/et_pb_text][et_pb_text _builder_version=&#8221;4.11.4&#8243; _module_preset=&#8221;default&#8221; text_font=&#8221;Montserrat||||||||&#8221; text_font_size=&#8221;13px&#8221; custom_margin=&#8221;-18px||||false|false&#8221; global_colors_info=&#8221;{}&#8221;]<\/p>\n<p>\u2022 Prueba Cuantitativa<br \/>\u2022 Detecta 10 ppm &#8211; 0.2% (Per\u00f3xido de Hidr\u00f3geno) y 1 ppm &#8211; 100 ppm (Cloro Libre)<br \/>\u2022 Resultados en 60 Segundos<\/p>\n<p>[\/et_pb_text][et_pb_button button_text=&#8221;Comprar ahora&#8221; button_alignment=&#8221;center&#8221; _builder_version=&#8221;4.11.4&#8243; _module_preset=&#8221;default&#8221; hover_enabled=&#8221;0&#8243; global_colors_info=&#8221;{}&#8221; button_url=&#8221;https:\/\/www.exactblue.com\/es\/573-2\/contact\/&#8221; sticky_enabled=&#8221;0&#8243;][\/et_pb_button][et_pb_text _builder_version=&#8221;4.11.4&#8243; _module_preset=&#8221;default&#8221; text_font=&#8221;Montserrat||||on||||&#8221; text_text_color=&#8221;#848484&#8243; text_font_size=&#8221;12px&#8221; text_orientation=&#8221;center&#8221; link_option_url=&#8221;https:\/\/exactblue.com\/es\/573-2\/contact\/#Dist-Alcoline&#8221; global_colors_info=&#8221;{}&#8221;]Order Through Your Preferred Distributor[\/et_pb_text][\/et_pb_column][\/et_pb_row][\/et_pb_section]<\/p>\n","protected":false},"excerpt":{"rendered":"<p>PLATAFORMA M\u00d3VIL DE LABORATORIO EXACTBLUELa Plataforma M\u00f3vil de Laboratorio ExactBlue es una soluci\u00f3n inteligente basada en nanotecnolog\u00eda que convierte tu smartphone en un potente laboratorio port\u00e1til para la detecci\u00f3n de contaminaci\u00f3n microbiana total.KIT DE RECARGA DE E.COLIPaquete de 25\u2022 Prueba Cuantitativa\u2022 Detecta 1 UFC\/1mL y 10mL\u2022 Resultados en 18-24 HorasOrder Through Your Preferred DistributorKIT DE [&hellip;]<\/p>\n","protected":false},"author":5,"featured_media":0,"parent":0,"menu_order":0,"comment_status":"closed","ping_status":"closed","template":"","meta":{"_et_pb_use_builder":"on","_et_pb_old_content":"","_et_gb_content_width":"","footnotes":""},"class_list":["post-1304","page","type-page","status-publish","hentry"],"_links":{"self":[{"href":"https:\/\/www.exactblue.com\/es\/wp-json\/wp\/v2\/pages\/1304","targetHints":{"allow":["GET"]}}],"collection":[{"href":"https:\/\/www.exactblue.com\/es\/wp-json\/wp\/v2\/pages"}],"about":[{"href":"https:\/\/www.exactblue.com\/es\/wp-json\/wp\/v2\/types\/page"}],"author":[{"embeddable":true,"href":"https:\/\/www.exactblue.com\/es\/wp-json\/wp\/v2\/users\/5"}],"replies":[{"embeddable":true,"href":"https:\/\/www.exactblue.com\/es\/wp-json\/wp\/v2\/comments?post=1304"}],"version-history":[{"count":19,"href":"https:\/\/www.exactblue.com\/es\/wp-json\/wp\/v2\/pages\/1304\/revisions"}],"predecessor-version":[{"id":2108,"href":"https:\/\/www.exactblue.com\/es\/wp-json\/wp\/v2\/pages\/1304\/revisions\/2108"}],"wp:attachment":[{"href":"https:\/\/www.exactblue.com\/es\/wp-json\/wp\/v2\/media?parent=1304"}],"curies":[{"name":"wp","href":"https:\/\/api.w.org\/{rel}","templated":true}]}}