{"id":1345,"date":"2024-12-11T19:08:43","date_gmt":"2024-12-11T19:08:43","guid":{"rendered":"https:\/\/exactblue.com\/es\/?page_id=1345"},"modified":"2025-05-05T20:55:03","modified_gmt":"2025-05-05T20:55:03","slug":"aquavial-easycheck","status":"publish","type":"page","link":"https:\/\/www.exactblue.com\/es\/aquavial-easycheck\/","title":{"rendered":"AquaVial EasyCheck"},"content":{"rendered":"<p>[et_pb_section fb_built=&#8221;1&#8243; next_background_color=&#8221;#f7f8fc&#8221; admin_label=&#8221;Hero&#8221; _builder_version=&#8221;4.11.4&#8243; background_color=&#8221;RGBA(0,0,0,0)&#8221; min_height=&#8221;44.4px&#8221; custom_padding=&#8221;|0px|1.7%|0px|false|false&#8221; bottom_divider_style=&#8221;asymmetric&#8221; bottom_divider_height=&#8221;40%&#8221; bottom_divider_height_tablet=&#8221;&#8221; bottom_divider_height_phone=&#8221;&#8221; bottom_divider_height_last_edited=&#8221;on|phone&#8221; global_colors_info=&#8221;{}&#8221;][et_pb_row _builder_version=&#8221;4.11.4&#8243; _module_preset=&#8221;default&#8221; min_height=&#8221;68.8px&#8221; global_colors_info=&#8221;{}&#8221;][et_pb_column type=&#8221;4_4&#8243; _builder_version=&#8221;4.11.4&#8243; _module_preset=&#8221;default&#8221; global_colors_info=&#8221;{}&#8221;][et_pb_text _builder_version=&#8221;4.11.4&#8243; _module_preset=&#8221;default&#8221; text_font=&#8221;Bebas Neue||||||||&#8221; text_text_color=&#8221;#0176be&#8221; text_font_size=&#8221;46px&#8221; text_line_height=&#8221;1.1em&#8221; text_font_size_tablet=&#8221;46px&#8221; text_font_size_phone=&#8221;46px&#8221; text_font_size_last_edited=&#8221;on|phone&#8221; global_colors_info=&#8221;{}&#8221;]<\/p>\n<p>PRUEBAS DE VERIFICACI\u00d3N DE DESINFECCI\u00d3N<\/p>\n<p>[\/et_pb_text][\/et_pb_column][\/et_pb_row][\/et_pb_section][et_pb_section fb_built=&#8221;1&#8243; custom_padding_last_edited=&#8221;on|tablet&#8221; prev_background_color=&#8221;RGBA(0,0,0,0)&#8221; next_background_color=&#8221;#ffffff&#8221; admin_label=&#8221;Testimonials&#8221; _builder_version=&#8221;3.22&#8243; background_color=&#8221;#f7f8fc&#8221; background_image=&#8221;https:\/\/exactblue.com\/es\/wp-content\/uploads\/2021\/10\/insurance-02.png&#8221; background_size=&#8221;initial&#8221; background_position=&#8221;center_right&#8221; custom_padding=&#8221;0px||181px||false|false&#8221; custom_padding_tablet=&#8221;150px||150px||true&#8221; custom_padding_phone=&#8221;100px||100px||true&#8221; top_divider_style=&#8221;asymmetric3&#8243; top_divider_height=&#8221;40%&#8221; top_divider_repeat=&#8221;0.8x&#8221; top_divider_flip=&#8221;horizontal|vertical&#8221; bottom_divider_style=&#8221;asymmetric3&#8243; bottom_divider_height=&#8221;30%&#8221; bottom_divider_height_tablet=&#8221;180px&#8221; bottom_divider_height_phone=&#8221;110px&#8221; bottom_divider_height_last_edited=&#8221;on|phone&#8221; global_colors_info=&#8221;{}&#8221;][et_pb_row column_structure=&#8221;1_3,1_3,1_3&#8243; _builder_version=&#8221;4.11.4&#8243; _module_preset=&#8221;default&#8221; global_colors_info=&#8221;{}&#8221;][et_pb_column type=&#8221;1_3&#8243; _builder_version=&#8221;4.11.4&#8243; _module_preset=&#8221;default&#8221; global_colors_info=&#8221;{}&#8221;][et_pb_blurb title=&#8221;AquaVial Easy Check&#8221; image=&#8221;https:\/\/exactblue.com\/es\/wp-content\/uploads\/2024\/12\/39.png&#8221; module_id=&#8221;av-easy-2pack&#8221; _builder_version=&#8221;4.11.4&#8243; _module_preset=&#8221;default&#8221; header_font=&#8221;Montserrat||||||||&#8221; body_ul_type=&#8221;circle&#8221; global_colors_info=&#8221;{}&#8221;][\/et_pb_blurb][et_pb_text _builder_version=&#8221;4.11.4&#8243; _module_preset=&#8221;default&#8221; text_font=&#8221;Montserrat||||||||&#8221; custom_margin=&#8221;-24px||||false|false&#8221; global_colors_info=&#8221;{}&#8221;]<\/p>\n<p><strong>Kit de Prueba de Agua para Tratamientos de Desinfecci\u00f3n UV y Otros<\/strong><\/p>\n<p>[\/et_pb_text][et_pb_text _builder_version=&#8221;4.11.4&#8243; _module_preset=&#8221;default&#8221; text_font=&#8221;Montserrat||||||||&#8221; text_text_color=&#8221;#848484&#8243; custom_margin=&#8221;-24px||||false|false&#8221; global_colors_info=&#8221;{}&#8221;]<\/p>\n<p>Paquete de 2<\/p>\n<p>[\/et_pb_text][et_pb_text _builder_version=&#8221;4.11.4&#8243; _module_preset=&#8221;default&#8221; text_font=&#8221;Montserrat||||||||&#8221; custom_margin=&#8221;-24px||||false|false&#8221; global_colors_info=&#8221;{}&#8221;]<\/p>\n<p>\u2022 Prueba de L\u00edmite<br \/>\u2022 Detecta 1-500 CFU\/mL<br \/>\u2022 Resultados en 24-72 Horas<\/p>\n<p>[\/et_pb_text][et_pb_button button_text=&#8221;Comprar ahora&#8221; button_alignment=&#8221;center&#8221; _builder_version=&#8221;4.11.4&#8243; _module_preset=&#8221;default&#8221; hover_enabled=&#8221;0&#8243; global_colors_info=&#8221;{}&#8221; button_url=&#8221;https:\/\/www.exactblue.com\/es\/573-2\/contact\/&#8221; sticky_enabled=&#8221;0&#8243;][\/et_pb_button][et_pb_text _builder_version=&#8221;4.11.4&#8243; _module_preset=&#8221;default&#8221; text_font=&#8221;Montserrat||||on||||&#8221; text_font_size=&#8221;12px&#8221; text_orientation=&#8221;center&#8221; custom_margin=&#8221;-14px||||false|false&#8221; link_option_url=&#8221;https:\/\/exactblue.com\/es\/573-2\/contact\/#Dist-Alcoline&#8221; global_colors_info=&#8221;{}&#8221;]Order Through Your Preferred Distributor[\/et_pb_text][\/et_pb_column][et_pb_column type=&#8221;1_3&#8243; _builder_version=&#8221;4.11.4&#8243; _module_preset=&#8221;default&#8221; global_colors_info=&#8221;{}&#8221;][\/et_pb_column][et_pb_column type=&#8221;1_3&#8243; _builder_version=&#8221;4.11.4&#8243; _module_preset=&#8221;default&#8221; global_colors_info=&#8221;{}&#8221;][\/et_pb_column][\/et_pb_row][\/et_pb_section]<\/p>\n","protected":false},"excerpt":{"rendered":"<p>PRUEBAS DE VERIFICACI\u00d3N DE DESINFECCI\u00d3NKit de Prueba de Agua para Tratamientos de Desinfecci\u00f3n UV y OtrosPaquete de 2\u2022 Prueba de L\u00edmite\u2022 Detecta 1-500 CFU\/mL\u2022 Resultados en 24-72 HorasOrder Through Your Preferred Distributor<\/p>\n","protected":false},"author":5,"featured_media":0,"parent":0,"menu_order":0,"comment_status":"closed","ping_status":"closed","template":"","meta":{"_et_pb_use_builder":"on","_et_pb_old_content":"","_et_gb_content_width":"","footnotes":""},"class_list":["post-1345","page","type-page","status-publish","hentry"],"_links":{"self":[{"href":"https:\/\/www.exactblue.com\/es\/wp-json\/wp\/v2\/pages\/1345","targetHints":{"allow":["GET"]}}],"collection":[{"href":"https:\/\/www.exactblue.com\/es\/wp-json\/wp\/v2\/pages"}],"about":[{"href":"https:\/\/www.exactblue.com\/es\/wp-json\/wp\/v2\/types\/page"}],"author":[{"embeddable":true,"href":"https:\/\/www.exactblue.com\/es\/wp-json\/wp\/v2\/users\/5"}],"replies":[{"embeddable":true,"href":"https:\/\/www.exactblue.com\/es\/wp-json\/wp\/v2\/comments?post=1345"}],"version-history":[{"count":12,"href":"https:\/\/www.exactblue.com\/es\/wp-json\/wp\/v2\/pages\/1345\/revisions"}],"predecessor-version":[{"id":2123,"href":"https:\/\/www.exactblue.com\/es\/wp-json\/wp\/v2\/pages\/1345\/revisions\/2123"}],"wp:attachment":[{"href":"https:\/\/www.exactblue.com\/es\/wp-json\/wp\/v2\/media?parent=1345"}],"curies":[{"name":"wp","href":"https:\/\/api.w.org\/{rel}","templated":true}]}}