{"id":573,"date":"2021-10-26T01:21:35","date_gmt":"2021-10-26T01:21:35","guid":{"rendered":"https:\/\/exactblue.com\/es\/?page_id=573"},"modified":"2025-05-01T18:06:30","modified_gmt":"2025-05-01T18:06:30","slug":"573-2","status":"publish","type":"page","link":"https:\/\/www.exactblue.com\/es\/","title":{"rendered":"Home page"},"content":{"rendered":"<p>[et_pb_section fb_built=&#8221;1&#8243; _builder_version=&#8221;4.11.4&#8243; _module_preset=&#8221;default&#8221; use_background_color_gradient=&#8221;on&#8221; background_color_gradient_start=&#8221;#263692&#8243; background_color_gradient_end=&#8221;#65cdf3&#8243; background_video_mp4=&#8221;https:\/\/exactblue.com\/es\/wp-content\/uploads\/2024\/12\/Easycheck-and-splash-mock.mp4&#8243; min_height=&#8221;501.2px&#8221; custom_margin=&#8221;0px||44px||false|false&#8221; custom_padding=&#8221;0px||146px|||&#8221; global_colors_info=&#8221;{}&#8221;][et_pb_row _builder_version=&#8221;4.11.4&#8243; _module_preset=&#8221;default&#8221; global_colors_info=&#8221;{}&#8221;][et_pb_column type=&#8221;4_4&#8243; _builder_version=&#8221;4.11.4&#8243; _module_preset=&#8221;default&#8221; global_colors_info=&#8221;{}&#8221;][et_pb_text _builder_version=&#8221;4.11.4&#8243; _module_preset=&#8221;default&#8221; text_font=&#8221;Bebas Neue||||||||&#8221; text_text_color=&#8221;#FFFFFF&#8221; text_font_size=&#8221;72px&#8221; text_line_height=&#8221;1.2em&#8221; background_color=&#8221;RGBA(0,0,0,0)&#8221; text_orientation=&#8221;center&#8221; custom_margin=&#8221;200px||||false|false&#8221; text_font_size_tablet=&#8221;51px&#8221; text_font_size_phone=&#8221;36px&#8221; text_font_size_last_edited=&#8221;on|phone&#8221; border_radii=&#8221;on|24px|24px|24px|24px&#8221; global_colors_info=&#8221;{}&#8221;]<\/p>\n<p>LA FORMA M\u00c1S R\u00c1PIDA Y PRECISA DEL MUNDO PARA DETECTAR BACTERIAS EN EL AGUA<\/p>\n<p>[\/et_pb_text][\/et_pb_column][\/et_pb_row][\/et_pb_section][et_pb_section fb_built=&#8221;1&#8243; _builder_version=&#8221;4.11.4&#8243; _module_preset=&#8221;default&#8221; min_height=&#8221;157.6px&#8221; custom_margin=&#8221;18px|||||&#8221; custom_padding=&#8221;5px|||||&#8221; global_colors_info=&#8221;{}&#8221;][et_pb_row _builder_version=&#8221;4.11.4&#8243; _module_preset=&#8221;default&#8221; global_colors_info=&#8221;{}&#8221;][et_pb_column type=&#8221;4_4&#8243; _builder_version=&#8221;4.11.4&#8243; _module_preset=&#8221;default&#8221; global_colors_info=&#8221;{}&#8221;][et_pb_text _builder_version=&#8221;4.11.4&#8243; _module_preset=&#8221;default&#8221; text_font=&#8221;Montserrat||||||||&#8221; text_text_color=&#8221;#636363&#8243; text_font_size=&#8221;19px&#8221; text_line_height=&#8221;1.8em&#8221; text_orientation=&#8221;center&#8221; global_colors_info=&#8221;{}&#8221;]<\/p>\n<p>ExactBlue Technologies se especializa en pruebas r\u00e1pidas de uso en el punto de muestreo, altamente sensibles y f\u00e1ciles de usar, para la detecci\u00f3n y monitoreo de contaminantes en el agua. Atendemos a una amplia variedad de industrias, incluyendo agricultura, gesti\u00f3n ambiental, hospitalidad, salud, odontolog\u00eda y muchas m\u00e1s.<\/p>\n<p>[\/et_pb_text][\/et_pb_column][\/et_pb_row][\/et_pb_section][et_pb_section fb_built=&#8221;1&#8243; _builder_version=&#8221;4.11.4&#8243; _module_preset=&#8221;default&#8221; min_height=&#8221;1130.5px&#8221; custom_padding=&#8221;2px||0px|||&#8221; global_colors_info=&#8221;{}&#8221;][et_pb_row column_structure=&#8221;1_3,1_3,1_3&#8243; _builder_version=&#8221;4.11.4&#8243; _module_preset=&#8221;default&#8221; min_height=&#8221;349.6px&#8221; global_colors_info=&#8221;{}&#8221;][et_pb_column type=&#8221;1_3&#8243; _builder_version=&#8221;4.11.4&#8243; _module_preset=&#8221;default&#8221; global_colors_info=&#8221;{}&#8221;][et_pb_blurb title=&#8221;RAPIDO&#8221; image=&#8221;https:\/\/exactblue.com\/es\/wp-content\/uploads\/2024\/12\/20-2.png&#8221; image_max_width=&#8221;40%&#8221; _builder_version=&#8221;4.11.4&#8243; _module_preset=&#8221;default&#8221; header_font=&#8221;Bebas Neue||||||||&#8221; header_text_color=&#8221;#0176be&#8221; header_font_size=&#8221;49px&#8221; body_font=&#8221;Montserrat||||||||&#8221; body_font_size=&#8221;16px&#8221; text_orientation=&#8221;center&#8221; custom_padding=&#8221;0px||||false|false&#8221; animation_style=&#8221;slide&#8221; global_colors_info=&#8221;{}&#8221; image_max_width__hover_enabled=&#8221;on|hover&#8221; image_max_width__hover=&#8221;44%&#8221;]<\/p>\n<p>La prueba basada en nanotecnolog\u00eda m\u00e1s r\u00e1pida del mundo<\/p>\n<p>[\/et_pb_blurb][\/et_pb_column][et_pb_column type=&#8221;1_3&#8243; _builder_version=&#8221;4.11.4&#8243; _module_preset=&#8221;default&#8221; global_colors_info=&#8221;{}&#8221;][et_pb_blurb title=&#8221;SENSIBLE&#8221; image=&#8221;https:\/\/exactblue.com\/es\/wp-content\/uploads\/2024\/12\/21-2.png&#8221; image_max_width=&#8221;40%&#8221; _builder_version=&#8221;4.11.4&#8243; _module_preset=&#8221;default&#8221; header_font=&#8221;Bebas Neue||||||||&#8221; header_text_color=&#8221;#0176be&#8221; header_font_size=&#8221;50px&#8221; body_font=&#8221;Montserrat||||||||&#8221; body_font_size=&#8221;16px&#8221; text_orientation=&#8221;center&#8221; animation_style=&#8221;slide&#8221; global_colors_info=&#8221;{}&#8221; image_max_width__hover_enabled=&#8221;on|hover&#8221; image_max_width__hover=&#8221;44%&#8221;]<\/p>\n<p>Tan sensible como una prueba de laboratorio<\/p>\n<p>[\/et_pb_blurb][\/et_pb_column][et_pb_column type=&#8221;1_3&#8243; _builder_version=&#8221;4.11.4&#8243; _module_preset=&#8221;default&#8221; global_colors_info=&#8221;{}&#8221;][et_pb_blurb title=&#8221;USO DIRECTO&#8221; image=&#8221;https:\/\/exactblue.com\/es\/wp-content\/uploads\/2024\/12\/22-2.png&#8221; image_max_width=&#8221;40%&#8221; _builder_version=&#8221;4.11.4&#8243; _module_preset=&#8221;default&#8221; header_font=&#8221;Bebas Neue||||||||&#8221; header_text_color=&#8221;#0176be&#8221; header_font_size=&#8221;49px&#8221; body_font=&#8221;Montserrat||||||||&#8221; body_font_size=&#8221;16px&#8221; text_orientation=&#8221;center&#8221; animation_style=&#8221;slide&#8221; global_colors_info=&#8221;{}&#8221; image_max_width__hover_enabled=&#8221;on|hover&#8221; image_max_width__hover=&#8221;44%&#8221;]<\/p>\n<p>De bolsillo, ideal para usar en el campo<\/p>\n<p>[\/et_pb_blurb][\/et_pb_column][\/et_pb_row][et_pb_row _builder_version=&#8221;4.11.4&#8243; _module_preset=&#8221;default&#8221; min_height=&#8221;103px&#8221; global_colors_info=&#8221;{}&#8221;][et_pb_column type=&#8221;4_4&#8243; _builder_version=&#8221;4.11.4&#8243; _module_preset=&#8221;default&#8221; global_colors_info=&#8221;{}&#8221;][et_pb_button button_url=&#8221;https:\/\/exactblue.com\/es\/tests\/&#8221; button_text=&#8221;Elige Tu Prueba&#8221; button_alignment=&#8221;center&#8221; _builder_version=&#8221;4.11.4&#8243; _module_preset=&#8221;default&#8221; hover_enabled=&#8221;0&#8243; global_colors_info=&#8221;{}&#8221; sticky_enabled=&#8221;0&#8243;][\/et_pb_button][\/et_pb_column][\/et_pb_row][et_pb_row column_structure=&#8221;1_2,1_2&#8243; _builder_version=&#8221;4.11.4&#8243; _module_preset=&#8221;default&#8221; min_height=&#8221;441.5px&#8221; custom_margin=&#8221;40px|auto||auto||&#8221; global_colors_info=&#8221;{}&#8221;][et_pb_column type=&#8221;1_2&#8243; _builder_version=&#8221;4.11.4&#8243; _module_preset=&#8221;default&#8221; global_colors_info=&#8221;{}&#8221;][et_pb_text _builder_version=&#8221;4.11.4&#8243; _module_preset=&#8221;default&#8221; text_font=&#8221;Bebas Neue||||||||&#8221; text_text_color=&#8221;#0176be&#8221; text_font_size=&#8221;45px&#8221; hover_enabled=&#8221;0&#8243; global_colors_info=&#8221;{}&#8221; sticky_enabled=&#8221;0&#8243;]<\/p>\n<p>PRUEBA EN EL LUGAR<\/p>\n<p>[\/et_pb_text][et_pb_text _builder_version=&#8221;4.11.4&#8243; _module_preset=&#8221;default&#8221; text_font=&#8221;Montserrat||||||||&#8221; text_font_size=&#8221;20px&#8221; global_colors_info=&#8221;{}&#8221; custom_padding=&#8221;||0px|||&#8221;]<\/p>\n<p>Nuestras pruebas f\u00e1ciles de usar permiten analizar la calidad del agua directamente en campo, sin necesidad de enviar muestras a un laboratorio.<br \/>Al realizar controles regulares, puede detectar la contaminaci\u00f3n a tiempo y proteger a sus clientes o usuarios finales.<br \/>Nuestra tecnolog\u00eda es flexible y puede adaptarse a pr\u00e1cticamente cualquier aplicaci\u00f3n.<\/p>\n<p>[\/et_pb_text][et_pb_button button_url=&#8221;http:\/\/exactblue.com\/es\/our-technology&#8221; button_text=&#8221;Nuestra Tecnolog\u00eda&#8221; _builder_version=&#8221;4.11.4&#8243; _module_preset=&#8221;default&#8221; hover_enabled=&#8221;0&#8243; global_colors_info=&#8221;{}&#8221; sticky_enabled=&#8221;0&#8243;][\/et_pb_button][\/et_pb_column][et_pb_column type=&#8221;1_2&#8243; _builder_version=&#8221;4.11.4&#8243; _module_preset=&#8221;default&#8221; global_colors_info=&#8221;{}&#8221;][et_pb_image src=&#8221;https:\/\/exactblue.com\/es\/wp-content\/uploads\/2024\/12\/53.png&#8221; title_text=&#8221;53&#8243; _builder_version=&#8221;4.11.4&#8243; _module_preset=&#8221;default&#8221; global_colors_info=&#8221;{}&#8221;][\/et_pb_image][\/et_pb_column][\/et_pb_row][et_pb_row _builder_version=&#8221;4.11.4&#8243; _module_preset=&#8221;default&#8221; min_height=&#8221;742px&#8221; global_colors_info=&#8221;{}&#8221;][et_pb_column type=&#8221;4_4&#8243; _builder_version=&#8221;4.11.4&#8243; _module_preset=&#8221;default&#8221; global_colors_info=&#8221;{}&#8221;][et_pb_video src=&#8221;https:\/\/youtu.be\/bVsv-szpOUI&#8221; image_src=&#8221;https:\/\/exactblue.com\/es\/wp-content\/uploads\/2024\/12\/51.png&#8221; _builder_version=&#8221;4.11.4&#8243; _module_preset=&#8221;default&#8221; min_height=&#8221;520px&#8221; global_colors_info=&#8221;{}&#8221;][\/et_pb_video][\/et_pb_column][\/et_pb_row][et_pb_row _builder_version=&#8221;4.11.4&#8243; _module_preset=&#8221;default&#8221; min_height=&#8221;106.8px&#8221; global_colors_info=&#8221;{}&#8221;][et_pb_column type=&#8221;4_4&#8243; _builder_version=&#8221;4.11.4&#8243; _module_preset=&#8221;default&#8221; global_colors_info=&#8221;{}&#8221;][et_pb_text _builder_version=&#8221;4.11.4&#8243; _module_preset=&#8221;default&#8221; text_font=&#8221;Bebas Neue||||||||&#8221; text_text_color=&#8221;#0176be&#8221; text_font_size=&#8221;39px&#8221; text_line_height_tablet=&#8221;&#8221; text_line_height_phone=&#8221;1.2em&#8221; text_line_height_last_edited=&#8221;on|phone&#8221; global_colors_info=&#8221;{}&#8221;]<\/p>\n<p>SOLUCIONES DE PRUEBA PARA DIVERSAS INDUSTRIAS<\/p>\n<p>[\/et_pb_text][et_pb_text _builder_version=&#8221;4.11.4&#8243; _module_preset=&#8221;default&#8221; global_colors_info=&#8221;{}&#8221; custom_padding=&#8221;||0px|||&#8221;]<\/p>\n<p>Ofrecemos soluciones de prueba personalizadas para una variedad de industrias, como agricultura, atenci\u00f3n m\u00e9dica, fabricaci\u00f3n de alimentos y hospitalidad. Nuestras pruebas monitorean contaminantes como E. coli, coliformes, Pseudomonas y bacterias totales. Adem\u00e1s, brindamos pruebas para productos qu\u00edmicos como cloro y per\u00f3xido de hidr\u00f3geno en sectores como fontaner\u00eda, farmac\u00e9utica y piscinas, garantizando la seguridad y el cumplimiento de normativas.<\/p>\n<p>[\/et_pb_text][et_pb_button button_url=&#8221;http:\/\/exactblue.com\/es\/industries&#8221; button_text=&#8221;Ver Todas las Industrias&#8221; button_alignment=&#8221;center&#8221; _builder_version=&#8221;4.11.4&#8243; _module_preset=&#8221;default&#8221; hover_enabled=&#8221;0&#8243; global_colors_info=&#8221;{}&#8221; sticky_enabled=&#8221;0&#8243;][\/et_pb_button][\/et_pb_column][\/et_pb_row][et_pb_row _builder_version=&#8221;4.11.4&#8243; _module_preset=&#8221;default&#8221; global_colors_info=&#8221;{}&#8221;][et_pb_column type=&#8221;4_4&#8243; _builder_version=&#8221;4.11.4&#8243; _module_preset=&#8221;default&#8221; global_colors_info=&#8221;{}&#8221;][et_pb_image src=&#8221;https:\/\/exactblue.com\/es\/wp-content\/uploads\/2024\/12\/Untitled-design-36.png&#8221; title_text=&#8221;Untitled design (36)&#8221; _builder_version=&#8221;4.11.4&#8243; _module_preset=&#8221;default&#8221; animation_style=&#8221;slide&#8221; animation_direction=&#8221;bottom&#8221; global_colors_info=&#8221;{}&#8221;][\/et_pb_image][\/et_pb_column][\/et_pb_row][\/et_pb_section][et_pb_section fb_built=&#8221;1&#8243; _builder_version=&#8221;4.11.4&#8243; _module_preset=&#8221;default&#8221; custom_padding=&#8221;0px||0px||false|false&#8221; global_colors_info=&#8221;{}&#8221;][\/et_pb_section][et_pb_section fb_built=&#8221;1&#8243; admin_label=&#8221;Contact&#8221; _builder_version=&#8221;4.11.4&#8243; background_color=&#8221;#012780&#8243; use_background_color_gradient=&#8221;on&#8221; background_color_gradient_start=&#8221;#012780&#8243; background_color_gradient_end=&#8221;rgba(1,39,128,0)&#8221; background_color_gradient_end_position=&#8221;60%&#8221; background_color_gradient_overlays_image=&#8221;on&#8221; background_image=&#8221;https:\/\/exactblue.com\/es\/wp-content\/uploads\/2021\/10\/insurance-01.png&#8221; background_size=&#8221;initial&#8221; custom_margin=&#8221;||||false|false&#8221; custom_padding=&#8221;0px|0px|0px|0px|false|false&#8221; global_colors_info=&#8221;{}&#8221;][et_pb_row column_structure=&#8221;2_3,1_3&#8243; _builder_version=&#8221;3.25&#8243; min_height=&#8221;159px&#8221; custom_padding=&#8221;||0px|||&#8221; global_colors_info=&#8221;{}&#8221;][et_pb_column type=&#8221;2_3&#8243; _builder_version=&#8221;3.25&#8243; custom_padding=&#8221;|||&#8221; global_colors_info=&#8221;{}&#8221; custom_padding__hover=&#8221;|||&#8221;][et_pb_text _builder_version=&#8221;3.27.4&#8243; text_font=&#8221;Montserrat|300|||||||&#8221; text_font_size=&#8221;16px&#8221; text_line_height=&#8221;2em&#8221; header_font=&#8221;||||||||&#8221; header_2_font=&#8221;||||||||&#8221; header_2_font_size=&#8221;36px&#8221; header_2_line_height=&#8221;1.4em&#8221; background_layout=&#8221;dark&#8221; custom_padding=&#8221;||0px|||&#8221; header_2_font_size_tablet=&#8221;30px&#8221; header_2_font_size_phone=&#8221;24px&#8221; header_2_font_size_last_edited=&#8221;on|phone&#8221; locked=&#8221;off&#8221; global_colors_info=&#8221;{}&#8221;]<\/p>\n<h2>Cont\u00e1ctanos<\/h2>\n<p>P\u00f3ngase en contacto con nosotros para obtener m\u00e1s informaci\u00f3n sobre nuestros productos innovadores y c\u00f3mo podemos ayudarle con sus necesidades de pruebas de agua.<\/p>\n<p>&nbsp;<\/p>\n<p>[\/et_pb_text][\/et_pb_column][et_pb_column type=&#8221;1_3&#8243; _builder_version=&#8221;3.25&#8243; custom_padding=&#8221;|||&#8221; global_colors_info=&#8221;{}&#8221; custom_padding__hover=&#8221;|||&#8221;][et_pb_button button_text=&#8221;CONTACTANOS&#8221; _builder_version=&#8221;4.11.4&#8243; _module_preset=&#8221;default&#8221; hover_enabled=&#8221;0&#8243; sticky_enabled=&#8221;0&#8243;][\/et_pb_button][\/et_pb_column][\/et_pb_row][\/et_pb_section]<\/p>\n","protected":false},"excerpt":{"rendered":"<p>LA FORMA M\u00c1S R\u00c1PIDA Y PRECISA DEL MUNDO PARA DETECTAR BACTERIAS EN EL AGUAExactBlue Technologies se especializa en pruebas r\u00e1pidas de uso en el punto de muestreo, altamente sensibles y f\u00e1ciles de usar, para la detecci\u00f3n y monitoreo de contaminantes en el agua. Atendemos a una amplia variedad de industrias, incluyendo agricultura, gesti\u00f3n ambiental, hospitalidad, [&hellip;]<\/p>\n","protected":false},"author":3,"featured_media":0,"parent":0,"menu_order":0,"comment_status":"closed","ping_status":"closed","template":"","meta":{"_et_pb_use_builder":"on","_et_pb_old_content":"","_et_gb_content_width":"","footnotes":""},"class_list":["post-573","page","type-page","status-publish","hentry"],"_links":{"self":[{"href":"https:\/\/www.exactblue.com\/es\/wp-json\/wp\/v2\/pages\/573","targetHints":{"allow":["GET"]}}],"collection":[{"href":"https:\/\/www.exactblue.com\/es\/wp-json\/wp\/v2\/pages"}],"about":[{"href":"https:\/\/www.exactblue.com\/es\/wp-json\/wp\/v2\/types\/page"}],"author":[{"embeddable":true,"href":"https:\/\/www.exactblue.com\/es\/wp-json\/wp\/v2\/users\/3"}],"replies":[{"embeddable":true,"href":"https:\/\/www.exactblue.com\/es\/wp-json\/wp\/v2\/comments?post=573"}],"version-history":[{"count":85,"href":"https:\/\/www.exactblue.com\/es\/wp-json\/wp\/v2\/pages\/573\/revisions"}],"predecessor-version":[{"id":2005,"href":"https:\/\/www.exactblue.com\/es\/wp-json\/wp\/v2\/pages\/573\/revisions\/2005"}],"wp:attachment":[{"href":"https:\/\/www.exactblue.com\/es\/wp-json\/wp\/v2\/media?parent=573"}],"curies":[{"name":"wp","href":"https:\/\/api.w.org\/{rel}","templated":true}]}}