{"id":615,"date":"2021-10-26T02:06:09","date_gmt":"2021-10-26T02:06:09","guid":{"rendered":"https:\/\/exactblue.com\/es\/?page_id=615"},"modified":"2025-05-02T16:17:32","modified_gmt":"2025-05-02T16:17:32","slug":"contact","status":"publish","type":"page","link":"https:\/\/www.exactblue.com\/es\/573-2\/contact\/","title":{"rendered":"Contact"},"content":{"rendered":"<p>[et_pb_section fb_built=&#8221;1&#8243; admin_label=&#8221;Contact Section&#8221; _builder_version=&#8221;4.11.4&#8243; background_color=&#8221;#FFFFFF&#8221; min_height=&#8221;737.6px&#8221; custom_margin=&#8221;0px||||false|false&#8221; custom_padding=&#8221;25px|0px|12px|0px|false|false&#8221; top_divider_style=&#8221;arrow3&#8243; top_divider_color=&#8221;#0176be&#8221; global_colors_info=&#8221;{}&#8221;][et_pb_row _builder_version=&#8221;4.11.4&#8243; _module_preset=&#8221;default&#8221; min_height=&#8221;162.8px&#8221; global_colors_info=&#8221;{}&#8221;][et_pb_column type=&#8221;4_4&#8243; _builder_version=&#8221;4.11.4&#8243; _module_preset=&#8221;default&#8221; global_colors_info=&#8221;{}&#8221;][et_pb_text _builder_version=&#8221;4.11.4&#8243; _module_preset=&#8221;default&#8221; text_font=&#8221;Bebas Neue||||||||&#8221; text_text_color=&#8221;#0176be&#8221; text_font_size=&#8221;39px&#8221; custom_margin=&#8221;0px||||false|false&#8221; custom_padding=&#8221;75px||||false|false&#8221; hover_enabled=&#8221;0&#8243; global_colors_info=&#8221;{}&#8221; sticky_enabled=&#8221;0&#8243;]<\/p>\n<p>CONT\u00c1CTANOS<\/p>\n<p>[\/et_pb_text][\/et_pb_column][\/et_pb_row][et_pb_row column_structure=&#8221;1_3,1_3,1_3&#8243; _builder_version=&#8221;4.11.4&#8243; _module_preset=&#8221;default&#8221; global_colors_info=&#8221;{}&#8221;][et_pb_column type=&#8221;1_3&#8243; _builder_version=&#8221;4.11.4&#8243; _module_preset=&#8221;default&#8221; global_colors_info=&#8221;{}&#8221;][et_pb_text _builder_version=&#8221;4.11.4&#8243; _module_preset=&#8221;default&#8221; text_font=&#8221;Montserrat||||||||&#8221; background_color=&#8221;#FFFFFF&#8221; custom_padding=&#8221;17px||20px|23px|false|false&#8221; border_radii=&#8221;on|18px|18px|18px|18px&#8221; box_shadow_style=&#8221;preset1&#8243; box_shadow_blur=&#8221;7px&#8221; global_colors_info=&#8221;{}&#8221; background__hover_enabled=&#8221;on|hover&#8221; background_color__hover=&#8221;#e2e2e2&#8243; background_enable_color__hover=&#8221;on&#8221; box_shadow_blur__hover_enabled=&#8221;on|desktop&#8221; box_shadow_blur__hover=&#8221;7px&#8221;]<\/p>\n<p><strong>Email<\/strong><br \/>sales@exactblue.com<a><\/a><\/p>\n<p><a> <\/a><\/p>\n<p><a><\/a><strong><a href=\"mailto:sales@exactblue.com\">EMAIL<\/a><\/strong><\/p>\n<p>[\/et_pb_text][\/et_pb_column][et_pb_column type=&#8221;1_3&#8243; _builder_version=&#8221;4.11.4&#8243; _module_preset=&#8221;default&#8221; global_colors_info=&#8221;{}&#8221;][et_pb_text _builder_version=&#8221;4.11.4&#8243; _module_preset=&#8221;default&#8221; text_font=&#8221;Montserrat||||||||&#8221; background_color=&#8221;#FFFFFF&#8221; custom_padding=&#8221;17px||20px|23px|false|false&#8221; hover_enabled=&#8221;0&#8243; border_radii=&#8221;on|18px|18px|18px|18px&#8221; box_shadow_style=&#8221;preset1&#8243; global_colors_info=&#8221;{}&#8221; background__hover_enabled=&#8221;on|hover&#8221; background_color__hover=&#8221;#e2e2e2&#8243; background_enable_color__hover=&#8221;on&#8221; box_shadow_blur__hover_enabled=&#8221;on|hover&#8221; box_shadow_blur__hover=&#8221;7px&#8221; sticky_enabled=&#8221;0&#8243;]<\/p>\n<p>Tel\u00e9fono<br \/>1-866-574-8929<\/p>\n<p><strong><a href=\"tel:8665748929\">LL\u00c1MANOS<\/a><\/strong><\/p>\n<p>[\/et_pb_text][\/et_pb_column][et_pb_column type=&#8221;1_3&#8243; _builder_version=&#8221;4.11.4&#8243; _module_preset=&#8221;default&#8221; global_colors_info=&#8221;{}&#8221;][et_pb_text _builder_version=&#8221;4.11.4&#8243; _module_preset=&#8221;default&#8221; text_font=&#8221;Montserrat||||||||&#8221; text_line_height=&#8221;1.6em&#8221; background_color=&#8221;#FFFFFF&#8221; custom_padding=&#8221;17px||20px|23px|false|false&#8221; hover_enabled=&#8221;0&#8243; border_radii=&#8221;on|18px|18px|18px|18px&#8221; box_shadow_style=&#8221;preset1&#8243; global_colors_info=&#8221;{}&#8221; background__hover_enabled=&#8221;on|hover&#8221; background_color__hover=&#8221;#e2e2e2&#8243; background_enable_color__hover=&#8221;on&#8221; box_shadow_blur__hover_enabled=&#8221;on|hover&#8221; box_shadow_blur__hover=&#8221;7px&#8221; sticky_enabled=&#8221;0&#8243;]<\/p>\n<p>Direcci\u00f3n<br \/>6-111 Franklin Boulevard<\/p>\n<p>Cambridge, Ontario N1R 8B5<\/p>\n<p><a href=\"https:\/\/maps.app.goo.gl\/KpaoReKPw5313ohd7\"><span style=\"color: #068fd8;\"><strong>MAP<\/strong><\/span><\/a><\/p>\n<p>[\/et_pb_text][\/et_pb_column][\/et_pb_row][et_pb_row _builder_version=&#8221;4.11.4&#8243; _module_preset=&#8221;default&#8221; global_colors_info=&#8221;{}&#8221;][et_pb_column type=&#8221;4_4&#8243; _builder_version=&#8221;4.11.4&#8243; _module_preset=&#8221;default&#8221; global_colors_info=&#8221;{}&#8221;][et_pb_text module_id=&#8221;Distributor-List&#8221; _builder_version=&#8221;4.11.4&#8243; _module_preset=&#8221;default&#8221; text_font=&#8221;Montserrat||||||||&#8221; text_text_color=&#8221;#646b70&#8243; text_font_size=&#8221;17px&#8221; hover_enabled=&#8221;0&#8243; global_colors_info=&#8221;{}&#8221; sticky_enabled=&#8221;0&#8243;]<\/p>\n<p>Distribuidores de Productos<\/p>\n<p>[\/et_pb_text][\/et_pb_column][\/et_pb_row][et_pb_row _builder_version=&#8221;4.11.4&#8243; _module_preset=&#8221;default&#8221; global_colors_info=&#8221;{}&#8221;][et_pb_column type=&#8221;4_4&#8243; _builder_version=&#8221;4.11.4&#8243; _module_preset=&#8221;default&#8221; global_colors_info=&#8221;{}&#8221;][ba_logo_carousel animation_speed=&#8221;2100ms&#8221; slide_count=&#8221;4&#8243; slide_spacing=&#8221;15px&#8221; nav_height=&#8221;48px&#8221; nav_width=&#8221;48px&#8221; nav_color=&#8221;#ffffff&#8221; nav_bg=&#8221;#3979ff&#8221; nav_pos_y=&#8221;49%&#8221; nav_pos_x=&#8221;-99px&#8221; icon_left=&#8221;%%35%%&#8221; icon_right=&#8221;%%36%%&#8221; use_nav_tablet=&#8221;&#8221; use_nav_phone=&#8221;on&#8221; use_nav_last_edited=&#8221;on|phone&#8221; use_pagi_tablet=&#8221;&#8221; use_pagi_phone=&#8221;on&#8221; use_pagi_last_edited=&#8221;on|phone&#8221; slide_count_tablet=&#8221;4&#8243; slide_count_phone=&#8221;2&#8243; slide_count_last_edited=&#8221;on|phone&#8221; _builder_version=&#8221;4.11.4&#8243; _module_preset=&#8221;default&#8221; width=&#8221;100%&#8221; global_colors_info=&#8221;{}&#8221;][ba_logo_carousel_child admin_title=&#8221;Dist-Alcoline&#8221; logo=&#8221;https:\/\/exactblue.com\/es\/wp-content\/uploads\/2024\/12\/37-1.png&#8221; brand_name=&#8221;Alcoline&#8221; is_link=&#8221;on&#8221; link_url=&#8221;https:\/\/alcoline.be\/&#8221; link_options=&#8221;on|off&#8221; _builder_version=&#8221;4.11.4&#8243; global_colors_info=&#8221;{}&#8221;][\/ba_logo_carousel_child][ba_logo_carousel_child admin_title=&#8221;Dist-COTA&#8221; logo=&#8221;https:\/\/exactblue.com\/es\/wp-content\/uploads\/2024\/12\/38.png&#8221; brand_name=&#8221;COTA&#8221; is_link=&#8221;on&#8221; link_url=&#8221;https:\/\/www.cota-ec.com\/&#8221; link_options=&#8221;on|off&#8221; _builder_version=&#8221;4.11.4&#8243; global_colors_info=&#8221;{}&#8221;][\/ba_logo_carousel_child][ba_logo_carousel_child admin_title=&#8221;Dist-HydroTerra&#8221; logo=&#8221;https:\/\/exactblue.com\/es\/wp-content\/uploads\/2024\/12\/39-1.png&#8221; brand_name=&#8221;HydroTerra&#8221; is_link=&#8221;on&#8221; link_url=&#8221;https:\/\/hydroterra.com.au\/&#8221; link_options=&#8221;on|off&#8221; _builder_version=&#8221;4.11.4&#8243; global_colors_info=&#8221;{}&#8221;][\/ba_logo_carousel_child][ba_logo_carousel_child admin_title=&#8221;Dist-WaterID&#8221; logo=&#8221;https:\/\/exactblue.com\/es\/wp-content\/uploads\/2024\/12\/40-1.png&#8221; brand_name=&#8221;Water ID&#8221; is_link=&#8221;on&#8221; link_url=&#8221;https:\/\/water-id.com\/&#8221; link_options=&#8221;on|off&#8221; _builder_version=&#8221;4.11.4&#8243; global_colors_info=&#8221;{}&#8221;][\/ba_logo_carousel_child][ba_logo_carousel_child admin_title=&#8221;Dist-Wateroam&#8221; logo=&#8221;https:\/\/exactblue.com\/es\/wp-content\/uploads\/2024\/12\/41.png&#8221; brand_name=&#8221;Wateroam&#8221; is_link=&#8221;on&#8221; link_url=&#8221;https:\/\/www.wateroam.com\/&#8221; link_options=&#8221;on|off&#8221; _builder_version=&#8221;4.11.4&#8243; global_colors_info=&#8221;{}&#8221;][\/ba_logo_carousel_child][ba_logo_carousel_child admin_title=&#8221;Dist-HenryScheinCan&#8221; logo=&#8221;https:\/\/exactblue.com\/es\/wp-content\/uploads\/2024\/12\/31.png&#8221; brand_name=&#8221;Henry Schein Can&#8221; is_link=&#8221;on&#8221; link_url=&#8221; https:\/\/www.henryschein.ca\/&#8221; link_options=&#8221;on|off&#8221; _builder_version=&#8221;4.11.4&#8243; global_colors_info=&#8221;{}&#8221;][\/ba_logo_carousel_child][ba_logo_carousel_child admin_title=&#8221;Dist-KDental&#8221; logo=&#8221;https:\/\/exactblue.com\/es\/wp-content\/uploads\/2024\/12\/Product-Images.png&#8221; brand_name=&#8221;K-Dental&#8221; is_link=&#8221;on&#8221; link_url=&#8221;https:\/\/k-dental.ca\/&#8221; link_options=&#8221;on|off&#8221; _builder_version=&#8221;4.11.4&#8243; _module_preset=&#8221;default&#8221; global_colors_info=&#8221;{}&#8221;][\/ba_logo_carousel_child][ba_logo_carousel_child admin_title=&#8221;Dist-Sinclair&#8221; logo=&#8221;https:\/\/exactblue.com\/es\/wp-content\/uploads\/2024\/12\/33.png&#8221; brand_name=&#8221;Sinclair&#8221; is_link=&#8221;on&#8221; link_url=&#8221; https:\/\/www.sinclairdental.com\/&#8221; link_options=&#8221;on|off&#8221; _builder_version=&#8221;4.11.4&#8243; _module_preset=&#8221;default&#8221; global_colors_info=&#8221;{}&#8221;][\/ba_logo_carousel_child][ba_logo_carousel_child admin_title=&#8221;Dist-Atlanta&#8221; logo=&#8221;https:\/\/exactblue.com\/es\/wp-content\/uploads\/2024\/12\/34.png&#8221; brand_name=&#8221;Atlanta&#8221; is_link=&#8221;on&#8221; link_url=&#8221; https:\/\/atlantadental.com\/&#8221; link_options=&#8221;on|off&#8221; _builder_version=&#8221;4.11.4&#8243; _module_preset=&#8221;default&#8221; global_colors_info=&#8221;{}&#8221;][\/ba_logo_carousel_child][ba_logo_carousel_child admin_title=&#8221;Dist-Benco&#8221; logo=&#8221;https:\/\/exactblue.com\/es\/wp-content\/uploads\/2024\/12\/35.png&#8221; brand_name=&#8221;Benco&#8221; is_link=&#8221;on&#8221; link_url=&#8221;https:\/\/www.benco.com\/&#8221; link_options=&#8221;on|off&#8221; _builder_version=&#8221;4.11.4&#8243; _module_preset=&#8221;default&#8221; global_colors_info=&#8221;{}&#8221;][\/ba_logo_carousel_child][ba_logo_carousel_child admin_title=&#8221;Dist-HenrySchein&#8221; logo=&#8221;https:\/\/exactblue.com\/es\/wp-content\/uploads\/2024\/12\/30.png&#8221; brand_name=&#8221;Henry Schein&#8221; is_link=&#8221;on&#8221; link_url=&#8221;https:\/\/www.henryschein.com\/&#8221; link_options=&#8221;on|off&#8221; _builder_version=&#8221;4.11.4&#8243; _module_preset=&#8221;default&#8221; global_colors_info=&#8221;{}&#8221;][\/ba_logo_carousel_child][ba_logo_carousel_child admin_title=&#8221;Dist-KPaul&#8221; logo=&#8221;https:\/\/exactblue.com\/es\/wp-content\/uploads\/2024\/12\/36-1.png&#8221; brand_name=&#8221;K-Paul&#8221; is_link=&#8221;on&#8221; link_url=&#8221;https:\/\/www.kpaul.com\/&#8221; link_options=&#8221;on|off&#8221; _builder_version=&#8221;4.11.4&#8243; _module_preset=&#8221;default&#8221; global_colors_info=&#8221;{}&#8221;][\/ba_logo_carousel_child][ba_logo_carousel_child admin_title=&#8221;Dist-Patterson&#8221; logo=&#8221;https:\/\/exactblue.com\/es\/wp-content\/uploads\/2024\/12\/32.png&#8221; brand_name=&#8221;Patterson&#8221; is_link=&#8221;on&#8221; link_url=&#8221;https:\/\/www.pattersondental.com\/&#8221; link_options=&#8221;on|off&#8221; _builder_version=&#8221;4.11.4&#8243; _module_preset=&#8221;default&#8221; global_colors_info=&#8221;{}&#8221;][\/ba_logo_carousel_child][\/ba_logo_carousel][\/et_pb_column][\/et_pb_row][et_pb_row column_structure=&#8221;1_2,1_2&#8243; _builder_version=&#8221;4.11.4&#8243; _module_preset=&#8221;default&#8221; global_colors_info=&#8221;{}&#8221;][et_pb_column type=&#8221;1_2&#8243; _builder_version=&#8221;4.11.4&#8243; _module_preset=&#8221;default&#8221; global_colors_info=&#8221;{}&#8221;][et_pb_text _builder_version=&#8221;4.11.4&#8243; _module_preset=&#8221;default&#8221; text_font=&#8221;Bebas Neue||||||||&#8221; text_text_color=&#8221;#0176be&#8221; text_font_size=&#8221;39px&#8221; hover_enabled=&#8221;0&#8243; global_colors_info=&#8221;{}&#8221; sticky_enabled=&#8221;0&#8243;]<\/p>\n<p>\u00a1SEAMOS SOCIALES!<\/p>\n<p>[\/et_pb_text][et_pb_social_media_follow _builder_version=&#8221;4.11.4&#8243; _module_preset=&#8221;default&#8221; width=&#8221;100%&#8221; global_colors_info=&#8221;{}&#8221;][et_pb_social_media_follow_network social_network=&#8221;facebook&#8221; url=&#8221;https:\/\/www.facebook.com\/profile.php?id=61564967633613&#8243; _builder_version=&#8221;4.11.4&#8243; _module_preset=&#8221;default&#8221; background_color=&#8221;#3b5998&#8243; global_colors_info=&#8221;{}&#8221; follow_button=&#8221;off&#8221; url_new_window=&#8221;on&#8221;]facebook[\/et_pb_social_media_follow_network][et_pb_social_media_follow_network social_network=&#8221;linkedin&#8221; url=&#8221;https:\/\/ca.linkedin.com\/company\/exactblue-technologies&#8221; _builder_version=&#8221;4.11.4&#8243; _module_preset=&#8221;default&#8221; background_color=&#8221;#007bb6&#8243; global_colors_info=&#8221;{}&#8221; follow_button=&#8221;off&#8221; url_new_window=&#8221;on&#8221;]linkedin[\/et_pb_social_media_follow_network][\/et_pb_social_media_follow][\/et_pb_column][et_pb_column type=&#8221;1_2&#8243; _builder_version=&#8221;4.11.4&#8243; _module_preset=&#8221;default&#8221; global_colors_info=&#8221;{}&#8221;][\/et_pb_column][\/et_pb_row][\/et_pb_section]<\/p>\n","protected":false},"excerpt":{"rendered":"<p>CONT\u00c1CTANOSEmailsales@exactblue.com EMAILTel\u00e9fono1-866-574-8929 LL\u00c1MANOSDirecci\u00f3n6-111 Franklin Boulevard Cambridge, Ontario N1R 8B5 MAPDistribuidores de Productos<div class=\"et_pb_module ba_logo_carousel ba_logo_carousel_0\">\n\t\t\t\t\n\t\t\t\t\n\t\t\t\t\n\t\t\t\t\n\t\t\t\t<div class=\"et_pb_module_inner\">\n\t\t\t\t\t<div class = \"dtq-carousel dtq-logo-carousel dtq-carousel-frontend zoom_in\" data-settings=\"{&quot;responsive&quot;:[{&quot;breakpoint&quot;:980,&quot;settings&quot;:{&quot;slidesToShow&quot;:4}},{&quot;breakpoint&quot;:767,&quot;settings&quot;:{&quot;slidesToShow&quot;:2,&quot;dots&quot;:true,&quot;arrows&quot;:true}}],&quot;cssEase&quot;:&quot;ease-in-out&quot;,&quot;swipe&quot;:true,&quot;variableWidth&quot;:false,&quot;dots&quot;:false,&quot;arrows&quot;:true,&quot;infinite&quot;:true,&quot;autoplay&quot;:true,&quot;autoplaySpeed&quot;:2000,&quot;speed&quot;:2100,&quot;slidesToShow&quot;:4,&quot;slidesToScroll&quot;:1,&quot;centerPadding&quot;:&quot;70px&quot;,&quot;centerMode&quot;:false,&quot;vertical&quot;:false,&quot;prevArrow&quot;:&quot;&lt;button type=\\&quot;button\\&quot; data-icon=\\&quot;&amp;#x44;\\&quot; class=\\&quot;slick-arrow slick-prev\\&quot;&gt;Prev&lt;\\\/button&gt;&quot;,&quot;nextArrow&quot;:&quot;&lt;button type=\\&quot;button\\&quot; data-icon=\\&quot;&amp;#x45;\\&quot; class=\\&quot;slick-arrow slick-next\\&quot;&gt;Prev&lt;\\\/button&gt;&quot;}\" >\n                \n            <\/div>\n\t\t\t\t<\/div>\n\t\t\t<\/div><div class=\"ba_logo_carousel_child ba_logo_carousel_child_0\">\n\t\t\t\t\n\t\t\t\t\n\t\t\t\t\n\t\t\t\t\n\t\t\t\t<div class=\"et_pb_module_inner\">\n\t\t\t\t\t<div class=\"dtq-carousel-item dtq-logo-carousel-item dtq-swapped-img-selector\">\n\t\t\t    \n\t\t\t\t<a target=\"_blank\" href=\"https:\/\/alcoline.be\/\" ><img decoding=\"async\" class=\"dtq-swapped-img\" data-mfp-src=\"https:\/\/exactblue.com\/es\/wp-content\/uploads\/2024\/12\/37-1.png\" src=\"https:\/\/exactblue.com\/es\/wp-content\/uploads\/2024\/12\/37-1.png\" alt=\"Alcoline\"  \/><\/a>\n\t\t\t<\/div>\n\t\t\t\t<\/div>\n\t\t\t<\/div><div class=\"ba_logo_carousel_child ba_logo_carousel_child_1\">\n\t\t\t\t\n\t\t\t\t\n\t\t\t\t\n\t\t\t\t\n\t\t\t\t<div class=\"et_pb_module_inner\">\n\t\t\t\t\t<div class=\"dtq-carousel-item dtq-logo-carousel-item dtq-swapped-img-selector\">\n\t\t\t    \n\t\t\t\t<a target=\"_blank\" href=\"https:\/\/www.cota-ec.com\/\" ><img decoding=\"async\" class=\"dtq-swapped-img\" data-mfp-src=\"https:\/\/exactblue.com\/es\/wp-content\/uploads\/2024\/12\/38.png\" src=\"https:\/\/exactblue.com\/es\/wp-content\/uploads\/2024\/12\/38.png\" alt=\"COTA\"  \/><\/a>\n\t\t\t<\/div>\n\t\t\t\t<\/div>\n\t\t\t<\/div><div class=\"ba_logo_carousel_child ba_logo_carousel_child_2\">\n\t\t\t\t\n\t\t\t\t\n\t\t\t\t\n\t\t\t\t\n\t\t\t\t<div class=\"et_pb_module_inner\">\n\t\t\t\t\t<div class=\"dtq-carousel-item dtq-logo-carousel-item dtq-swapped-img-selector\">\n\t\t\t    \n\t\t\t\t\n            <div class=\"dtq-lightbox-ctrl\"><img decoding=\"async\" class=\"dtq-swapped-img\" data-mfp-src=\"&#8221;https:\/\/exactblue.com\/es\/wp-content\/uploads\/2024\/12\/39-1.png&#8221;\" src=\"&#8221;https:\/\/exactblue.com\/es\/wp-content\/uploads\/2024\/12\/39-1.png&#8221;\" alt=\"&#8221;HydroTerra&#8221;\"  \/><\/div>\n\t\t\t<\/div>\n\t\t\t\t<\/div>\n\t\t\t<\/div><\/p>\n","protected":false},"author":3,"featured_media":0,"parent":573,"menu_order":0,"comment_status":"closed","ping_status":"closed","template":"","meta":{"_et_pb_use_builder":"on","_et_pb_old_content":"","_et_gb_content_width":"","footnotes":""},"class_list":["post-615","page","type-page","status-publish","hentry"],"_links":{"self":[{"href":"https:\/\/www.exactblue.com\/es\/wp-json\/wp\/v2\/pages\/615","targetHints":{"allow":["GET"]}}],"collection":[{"href":"https:\/\/www.exactblue.com\/es\/wp-json\/wp\/v2\/pages"}],"about":[{"href":"https:\/\/www.exactblue.com\/es\/wp-json\/wp\/v2\/types\/page"}],"author":[{"embeddable":true,"href":"https:\/\/www.exactblue.com\/es\/wp-json\/wp\/v2\/users\/3"}],"replies":[{"embeddable":true,"href":"https:\/\/www.exactblue.com\/es\/wp-json\/wp\/v2\/comments?post=615"}],"version-history":[{"count":37,"href":"https:\/\/www.exactblue.com\/es\/wp-json\/wp\/v2\/pages\/615\/revisions"}],"predecessor-version":[{"id":2057,"href":"https:\/\/www.exactblue.com\/es\/wp-json\/wp\/v2\/pages\/615\/revisions\/2057"}],"up":[{"embeddable":true,"href":"https:\/\/www.exactblue.com\/es\/wp-json\/wp\/v2\/pages\/573"}],"wp:attachment":[{"href":"https:\/\/www.exactblue.com\/es\/wp-json\/wp\/v2\/media?parent=615"}],"curies":[{"name":"wp","href":"https:\/\/api.w.org\/{rel}","templated":true}]}}